{"id":16,"date":"2024-06-11T13:27:35","date_gmt":"2024-06-11T06:27:35","guid":{"rendered":"https:\/\/st6661.top\/?page_id=16"},"modified":"2025-05-17T10:46:39","modified_gmt":"2025-05-17T03:46:39","slug":"da-ga-388-%f0%9f%8e%96%ef%b8%8fnha-cai-da-ga-oline-1-ca-cuoc-casino-viet-nam","status":"publish","type":"page","link":"https:\/\/st6661.top\/","title":{"rendered":"ST666\ud83c\udf96\ufe0fNH\u00c0 C\u00c1I \u0110\u00c1 G\u00c0 ONLINE | CASINO VI\u1ec6T NAM"},"content":{"rendered":"\t<section class=\"section\" id=\"section_1199675324\">\n\t\t<div class=\"bg section-bg fill bg-fill bg-loaded \" >\n\n\t\t\t\n\t\t\t<div class=\"section-bg-overlay absolute fill\"><\/div>\n\t\t\t\n\n\t\t<\/div>\n\n\t\t\n\n\t\t<div class=\"section-content relative\">\n\t\t\t\n<div class=\"row\"  id=\"row-1729472697\">\n\n\t<div id=\"col-1434889755\" class=\"col small-12 large-12\"  >\n\t\t\t\t<div class=\"col-inner\"  >\n\t\t\t\n\t\t\t\n<div class=\"slider-wrapper relative\" id=\"slider-2102033023\" >\n    <div class=\"slider slider-nav-simple slider-nav-large slider-nav-light slider-nav-outside slider-style-normal\"\n        data-flickity-options='{\n            \"cellAlign\": \"center\",\n            \"imagesLoaded\": true,\n            \"lazyLoad\": 1,\n            \"freeScroll\": false,\n            \"wrapAround\": true,\n            \"autoPlay\": 6000,\n            \"pauseAutoPlayOnHover\" : true,\n            \"prevNextButtons\": true,\n            \"contain\" : true,\n            \"adaptiveHeight\" : true,\n            \"dragThreshold\" : 10,\n            \"percentPosition\": true,\n            \"pageDots\": false,\n            \"rightToLeft\": false,\n            \"draggable\": true,\n            \"selectedAttraction\": 0.1,\n            \"parallax\" : 0,\n            \"friction\": 0.6        }'\n        >\n        \n\t<div class=\"img has-hover anh1 x md-x lg-x y md-y lg-y\" id=\"image_1294090753\">\n\t\t\t\t\t\t\t\t<div class=\"img-inner dark\" >\n\t\t\t<img loading=\"lazy\" decoding=\"async\" width=\"1500\" height=\"610\" src=\"https:\/\/st6661.top\/wp-content\/uploads\/2024\/06\/cache5.jpg\" class=\"attachment-original size-original\" alt=\"\" title=\"\">\t\t\t\t\t\t\n\t\t\t\t\t<\/div>\n\t\t\t\t\t\t\t\t\n<style>\n#image_1294090753 {\n  width: 100%;\n}\n<\/style>\n\t<\/div>\n\t\n\t<div class=\"img has-hover anh1 x md-x lg-x y md-y lg-y\" id=\"image_1136093618\">\n\t\t\t\t\t\t\t\t<div class=\"img-inner dark\" >\n\t\t\t<img loading=\"lazy\" decoding=\"async\" width=\"1500\" height=\"610\" src=\"https:\/\/st6661.top\/wp-content\/uploads\/2024\/06\/cache6.jpg\" class=\"attachment-original size-original\" alt=\"\" title=\"\">\t\t\t\t\t\t\n\t\t\t\t\t<\/div>\n\t\t\t\t\t\t\t\t\n<style>\n#image_1136093618 {\n  width: 100%;\n}\n<\/style>\n\t<\/div>\n\t\n     <\/div>\n\n     <div class=\"loading-spin dark large centered\"><\/div>\n\n\t<\/div>\n\n\n\t\t<\/div>\n\t\t\t\t\t<\/div>\n\n\t\n<\/div>\n<div class=\"row align-middle\"  id=\"row-1368879051\">\n\n\t<div id=\"col-524268873\" class=\"col medium-6 small-12 large-6\"  >\n\t\t\t\t<div class=\"col-inner text-center\"  >\n\t\t\t\n\t\t\t\n\t<div class=\"img has-hover x md-x lg-x y md-y lg-y\" id=\"image_791117937\">\n\t\t\t\t\t\t\t\t<div class=\"img-inner dark\" style=\"margin:-10px 0px 0px 0px;\">\n\t\t\t<img loading=\"lazy\" decoding=\"async\" width=\"501\" height=\"431\" src=\"https:\/\/st6661.top\/wp-content\/uploads\/2024\/06\/tructiep-gadon.webp\" class=\"attachment-original size-original\" alt=\"tructiep-gadon \u0110\u00e1 g\u00e0 388\" title=\"\">\t\t\t\t\t\t\n\t\t\t\t\t<\/div>\n\t\t\t\t\t\t\t\t\n<style>\n#image_791117937 {\n  width: 100%;\n}\n<\/style>\n\t<\/div>\n\t\n\t\t<\/div>\n\t\t\t\t\n<style>\n#col-524268873 > .col-inner {\n  margin: 0px 0px -30px 0px;\n}\n<\/style>\n\t<\/div>\n\n\t\n\n\t<div id=\"col-1217625525\" class=\"col medium-6 small-12 large-6\"  >\n\t\t\t\t<div class=\"col-inner\"  >\n\t\t\t\n\t\t\t\n\t<div class=\"img has-hover x md-x lg-x y md-y lg-y\" id=\"image_2032125363\">\n\t\t\t\t\t\t\t\t<div class=\"img-inner dark\" >\n\t\t\t<img loading=\"lazy\" decoding=\"async\" width=\"501\" height=\"431\" src=\"https:\/\/st6661.top\/wp-content\/uploads\/2024\/06\/tructiepgacuasat.webp\" class=\"attachment-original size-original\" alt=\"tructiepgacuasat \u0110\u00e1 g\u00e0 388\" title=\"\">\t\t\t\t\t\t\n\t\t\t\t\t<\/div>\n\t\t\t\t\t\t\t\t\n<style>\n#image_2032125363 {\n  width: 100%;\n}\n<\/style>\n\t<\/div>\n\t\n\t\t<\/div>\n\t\t\t\t\n<style>\n#col-1217625525 > .col-inner {\n  margin: 0px 0px -30px 0px;\n}\n<\/style>\n\t<\/div>\n\n\t\n<\/div>\n<div class=\"row row-large\"  id=\"row-1007575654\">\n\n\t<div id=\"col-960354880\" class=\"col medium-4 small-12 large-4\"  >\n\t\t\t\t<div class=\"col-inner\"  >\n\t\t\t\n\t\t\t\n<a class=\"button secondary expand header-button-1\"  style=\"border-radius:99px;\">\n    <span>LINK \u0110\u00c1 G\u00c0 ST666 - LINK 1<\/span>\n  <\/a>\n\n\t\t<\/div>\n\t\t\t\t\t<\/div>\n\n\t\n\n\t<div id=\"col-1063407584\" class=\"col medium-4 small-12 large-4\"  >\n\t\t\t\t<div class=\"col-inner\"  >\n\t\t\t\n\t\t\t\n<a class=\"button alert expand header-button-1\"  style=\"border-radius:99px;\">\n    <span>LINK \u0110\u00c1 G\u00c0 ST666 - LINK 2<\/span>\n  <\/a>\n\n\t\t<\/div>\n\t\t\t\t\t<\/div>\n\n\t\n\n\t<div id=\"col-1459842630\" class=\"col medium-4 small-12 large-4\"  >\n\t\t\t\t<div class=\"col-inner\"  >\n\t\t\t\n\t\t\t\n<a class=\"button secondary expand header-button-1\"  style=\"border-radius:99px;\">\n    <span>LINK \u0110\u00c1 G\u00c0 ST666 - LINK 3<\/span>\n  <\/a>\n\n\t\t<\/div>\n\t\t\t\t\t<\/div>\n\n\t\n<\/div>\n<div class=\"row\"  id=\"row-1314387380\">\n\n\t<div id=\"col-323516096\" class=\"col small-12 large-12\"  >\n\t\t\t\t<div class=\"col-inner\" style=\"background-color:rgb(255, 255, 255);\" >\n\t\t\t\n\t\t\t\n<h1 style=\"text-align: center;\"><strong>ST666 \ud83c\udf96\ufe0fNH\u00c0 C\u00c1I \u0110\u00c1 G\u00c0 OLINE #1 C\u00c1 C\u01af\u1ee2C CASINO VI\u1ec6T NAM<\/strong><\/h1>\n<hr \/>\n<p><span style=\"font-size: 115%;\"><strong><a href=\"https:\/\/st6661.top\/\">ST666<\/a> <\/strong><\/span>l\u00e0 m\u1ed9t nh\u00e0 c\u00e1i c\u00e1 c\u01b0\u1ee3c tr\u1ef1c tuy\u1ebfn ph\u1ed5 bi\u1ebfn, \u0111\u00e3 x\u00e1c minh s\u1ef1 \u0111\u00e1ng tin c\u1eady th\u00f4ng qua s\u1ef1 chuy\u00ean nghi\u1ec7p v\u00e0 \u0111\u1ed9 tin c\u1eady cao t\u1eeb n\u0103m 2006. L\u00e0 th\u00e0nh vi\u00ean c\u1ee7a t\u1eadp \u0111o\u00e0n Venus Casino, SV388 \u0111\u00e3 m\u1edf r\u1ed9ng ho\u1ea1t \u0111\u1ed9ng v\u00e0o to\u00e0n khu v\u1ef1c ch\u00e2u \u00c1.<\/p>\n<p>\u0110\u01b0\u1ee3c c\u1ea5p ph\u00e9p b\u1edfi Ch\u00ednh ph\u1ee7 Philippines v\u00e0 CEZA, ST666 \u00e1p d\u1ee5ng c\u00f4ng ngh\u1ec7 hi\u1ec7n \u0111\u1ea1i v\u00e0 h\u1ec7 th\u1ed1ng b\u1ea3o m\u1eadt h\u00e0ng \u0111\u1ea7u \u0111\u1ec3 \u0111\u1ea3m b\u1ea3o m\u1ed9t tr\u1ea3i nghi\u1ec7m c\u00e1 c\u01b0\u1ee3c an to\u00e0n v\u00e0 tuy\u1ec7t v\u1eddi nh\u1ea5t cho ng\u01b0\u1eddi ch\u01a1i.<\/p>\n<p>V\u1edbi ph\u01b0\u01a1ng ch\u00e2m &#8220;Kh\u00e1ch h\u00e0ng l\u00e0 tr\u00ean h\u1ebft&#8221;, ST666 kh\u00f4ng ch\u1ec9 l\u00e0 m\u1ed9t nh\u00e0 c\u00e1i m\u00e0 c\u00f2n l\u00e0 \u0111\u1ed1i t\u00e1c \u0111\u1ed3ng h\u00e0nh c\u1ee7a ng\u01b0\u1eddi ch\u01a1i. V\u1edbi \u0111\u1ed9i ng\u0169 nh\u00e2n vi\u00ean chuy\u00ean nghi\u1ec7p, ph\u1ee5c v\u1ee5 24\/7 s\u1eb5n l\u00f2ng h\u1ed7 tr\u1ee3, ch\u00fang t\u00f4i lu\u00f4n gi\u1ea3i quy\u1ebft m\u1ecdi th\u1eafc m\u1eafc v\u00e0 \u0111\u00e1p \u1ee9ng m\u1ecdi y\u00eau c\u1ea7u c\u1ee7a ng\u01b0\u1eddi ch\u01a1i, t\u1ea1o ra tr\u1ea3i nghi\u1ec7m c\u00e1 c\u01b0\u1ee3c th\u00fa v\u1ecb v\u00e0 ho\u00e0n h\u1ea3o.<\/p>\n\t\t<\/div>\n\t\t\t\t\n<style>\n#col-323516096 > .col-inner {\n  padding: 30px 30px 30px 30px;\n  border-radius: 20px;\n}\n<\/style>\n\t<\/div>\n\n\t\n<\/div>\n\t\t<\/div>\n\n\t\t\n<style>\n#section_1199675324 {\n  padding-top: 30px;\n  padding-bottom: 30px;\n}\n#section_1199675324 .section-bg-overlay {\n  background-color: rgba(0, 0, 0, 0.483);\n}\n#section_1199675324 .section-bg.bg-loaded {\n  background-image: url(https:\/\/st6661.top\/wp-content\/uploads\/2024\/06\/cache.webp);\n}\n#section_1199675324 .section-bg {\n  background-position: 52% 0%;\n}\n<\/style>\n\t<\/section>\n\t\n","protected":false},"excerpt":{"rendered":"","protected":false},"author":2,"featured_media":0,"parent":0,"menu_order":0,"comment_status":"closed","ping_status":"closed","template":"page-blank.php","meta":{"footnotes":""},"class_list":["post-16","page","type-page","status-publish","hentry"],"_links":{"self":[{"href":"https:\/\/st6661.top\/index.php\/wp-json\/wp\/v2\/pages\/16","targetHints":{"allow":["GET"]}}],"collection":[{"href":"https:\/\/st6661.top\/index.php\/wp-json\/wp\/v2\/pages"}],"about":[{"href":"https:\/\/st6661.top\/index.php\/wp-json\/wp\/v2\/types\/page"}],"author":[{"embeddable":true,"href":"https:\/\/st6661.top\/index.php\/wp-json\/wp\/v2\/users\/2"}],"replies":[{"embeddable":true,"href":"https:\/\/st6661.top\/index.php\/wp-json\/wp\/v2\/comments?post=16"}],"version-history":[{"count":8,"href":"https:\/\/st6661.top\/index.php\/wp-json\/wp\/v2\/pages\/16\/revisions"}],"predecessor-version":[{"id":72,"href":"https:\/\/st6661.top\/index.php\/wp-json\/wp\/v2\/pages\/16\/revisions\/72"}],"wp:attachment":[{"href":"https:\/\/st6661.top\/index.php\/wp-json\/wp\/v2\/media?parent=16"}],"curies":[{"name":"wp","href":"https:\/\/api.w.org\/{rel}","templated":true}]}}